{"id":2,"date":"2010-03-17T23:44:15","date_gmt":"2010-03-17T23:44:15","guid":{"rendered":"http:\/\/www.adrianzalten.de\/?page_id=2"},"modified":"2024-09-03T09:46:17","modified_gmt":"2024-09-03T09:46:17","slug":"laufbahn","status":"publish","type":"page","link":"http:\/\/www.adrianzalten.de\/?page_id=2","title":{"rendered":"Laufbahn"},"content":{"rendered":"<div class=\"wp-block-image\">\n<figure class=\"aligncenter\"><img loading=\"lazy\" decoding=\"async\" width=\"1280\" height=\"852\" src=\"http:\/\/www.adrianzalten.de\/wp-content\/uploads\/2021\/12\/cc4a6b7a-33f8-46a8-afe6-d49fd67e9b60.jpg\" alt=\"\" class=\"wp-image-3103\" srcset=\"http:\/\/www.adrianzalten.de\/wp-content\/uploads\/2021\/12\/cc4a6b7a-33f8-46a8-afe6-d49fd67e9b60.jpg 1280w, http:\/\/www.adrianzalten.de\/wp-content\/uploads\/2021\/12\/cc4a6b7a-33f8-46a8-afe6-d49fd67e9b60-620x413.jpg 620w, http:\/\/www.adrianzalten.de\/wp-content\/uploads\/2021\/12\/cc4a6b7a-33f8-46a8-afe6-d49fd67e9b60-1000x666.jpg 1000w, http:\/\/www.adrianzalten.de\/wp-content\/uploads\/2021\/12\/cc4a6b7a-33f8-46a8-afe6-d49fd67e9b60-768x511.jpg 768w\" sizes=\"auto, (max-width: 706px) 89vw, (max-width: 767px) 82vw, 740px\" \/><\/figure>\n<\/div>\n\n\n<p><\/p>\n\n\n\n<p class=\"has-text-align-left\">Seit mehreren Jahren arbeitete ich europaweit f\u00fcr Yamaha als Pianist im Klavier &#8211; und Synthesizer Bereich. Auf mein Konto gehen zahlreiche Produktvideos, Tutorials auf Youtube, jede Menge Produktvorf\u00fchrungen auf der Musikmesse Frankfurt, wie auch das erste, weltweite, multimediale iBook &#8211; Handbuch f\u00fcr den MOXF Synthesizer in englischer Sprache. Mein Jazz Studium habe ich an der Universit\u00e4t in Knoxville, Tennessee, USA absolviert. Seit 2021 leite ich meine eigene private Musikschule f\u00fcr Tasteninstrumente im Mannheimer Stadtteil Lindenhof.<\/p>\n","protected":false},"excerpt":{"rendered":"<p>Seit mehreren Jahren arbeitete ich europaweit f\u00fcr Yamaha als Pianist im Klavier &#8211; und Synthesizer Bereich. Auf mein Konto gehen zahlreiche Produktvideos, Tutorials auf Youtube, jede Menge Produktvorf\u00fchrungen auf der Musikmesse Frankfurt, wie auch das erste, weltweite, multimediale iBook &#8211; Handbuch f\u00fcr den MOXF Synthesizer in englischer Sprache. Mein Jazz Studium habe ich an der &hellip; <\/p>\n<p class=\"link-more\"><a href=\"http:\/\/www.adrianzalten.de\/?page_id=2\" class=\"more-link\"><span class=\"screen-reader-text\">\u201eLaufbahn\u201c <\/span>weiterlesen<\/a><\/p>\n","protected":false},"author":1,"featured_media":0,"parent":0,"menu_order":1,"comment_status":"closed","ping_status":"closed","template":"","meta":{"footnotes":""},"class_list":["post-2","page","type-page","status-publish","hentry"],"_links":{"self":[{"href":"http:\/\/www.adrianzalten.de\/index.php?rest_route=\/wp\/v2\/pages\/2","targetHints":{"allow":["GET"]}}],"collection":[{"href":"http:\/\/www.adrianzalten.de\/index.php?rest_route=\/wp\/v2\/pages"}],"about":[{"href":"http:\/\/www.adrianzalten.de\/index.php?rest_route=\/wp\/v2\/types\/page"}],"author":[{"embeddable":true,"href":"http:\/\/www.adrianzalten.de\/index.php?rest_route=\/wp\/v2\/users\/1"}],"replies":[{"embeddable":true,"href":"http:\/\/www.adrianzalten.de\/index.php?rest_route=%2Fwp%2Fv2%2Fcomments&post=2"}],"version-history":[{"count":220,"href":"http:\/\/www.adrianzalten.de\/index.php?rest_route=\/wp\/v2\/pages\/2\/revisions"}],"predecessor-version":[{"id":3156,"href":"http:\/\/www.adrianzalten.de\/index.php?rest_route=\/wp\/v2\/pages\/2\/revisions\/3156"}],"wp:attachment":[{"href":"http:\/\/www.adrianzalten.de\/index.php?rest_route=%2Fwp%2Fv2%2Fmedia&parent=2"}],"curies":[{"name":"wp","href":"https:\/\/api.w.org\/{rel}","templated":true}]}}